{"id":1359,"date":"2026-02-11T11:17:24","date_gmt":"2026-02-11T07:17:24","guid":{"rendered":"https:\/\/odysseomauritius.com\/merci\/"},"modified":"2026-03-26T14:31:40","modified_gmt":"2026-03-26T10:31:40","slug":"merci","status":"publish","type":"page","link":"https:\/\/odysseomauritius.com\/fr\/merci\/","title":{"rendered":"Merci"},"content":{"rendered":"<div class=\"wpb-content-wrapper\"><p>[vc_row el_class=\u00a0\u00bbthank-you-banner-row\u00a0\u00bb][vc_column][vc_row_inner el_class=\u00a0\u00bbthank-you-banner-inner-row\u00a0\u00bb][vc_column_inner]\n        <div class=\"gws-image-item  \">\n            <div class=\"image-wrapper\">\n                                <div class=\"image\" >\n                                            <img decoding=\"async\" loading=\"lazy\" src=\"https:\/\/odysseomauritius.com\/wp-content\/uploads\/2026\/02\/thank-you-banner-1024x685.jpg\" alt=\"Merci banner\" class=\"desktop-img\">\n                                                        <\/div>\n                            <\/div>\n        <\/div>\n\n                    \n        <div class=\"gws-content-wrapper container-thank-you-text \">\n            <div class=\"container-col thank-you-text\">\n                \n        <div class=\"gws-heading gws-heading-69f348a53c108   font-#FFFFFF font150px \">\n            <div class=\"gws-heading-inner-wrapper     \">\n                                <div class=\"gws-heading-right\">\n                    <div class=\"gws-heading-title\">\n                            \n                            <h1 class=\" uppercase  open-sans\"  style=\"font-weight:700\" >\n                                Merci                            <\/h1>\n                                            <\/div>\n                                    <\/div>\n            <\/div>\n            <style>\n                .gws-heading.gws-heading-69f348a53c108. {\n                    text-align: ;\n                }\n                .gws-heading.gws-heading-69f348a53c108. .gws-heading-inner-wrapper {\n                    justify-content: ;\n                }\n                                                            .gws-heading.gws-heading-69f348a53c108.font-\\#FFFFFF h1 {\n                            color: #FFFFFF;\n                        }\n                        .gws-heading.gws-heading-69f348a53c108.font-\\#FFFFFF .icon svg path {\n                            fill: #FFFFFF;\n                        }\n                        .gws-heading.gws-heading-69f348a53c108.font-\\#FFFFFF .gws-heading-left p {\n                            color: #FFFFFF;\n                        }\n                                                                .gws-heading.gws-heading-69f348a53c108.font150px h1 {\n                            font-size: 150px;\n                            line-height: calc(150px + 10px);\n                        }\n                        @media (max-width: 1024px) {\n                            .gws-heading.gws-heading-69f348a53c108.font150px h1 {\n                                font-size: 144px;\n                                line-height: calc(144px + 4px);\n                            }\n                        }\n                        @media (max-width: 768px) {\n                            .gws-heading.gws-heading-69f348a53c108.font150px h1 {\n                                font-size: 144px;\n                                line-height: calc(144px + 4px);\n                            }\n                        }\n                                                                        .gws-heading.gws-heading-69f348a53c108 .gws-heading-subtitle p {\n                        color: #000000;\n                    }\n                                                    .gws-heading.gws-heading-69f348a53c108 .gws-heading-subtitle p {\n                        line-height: 22px;\n                        font-size: 18px;\n                    }\n                    @media (max-width: 1024px) {\n                        .gws-heading.gws-heading-69f348a53c108 .gws-heading-subtitle p {\n                            line-height: 20px;\n                            font-size: 16px;\n                        }\n                    }\n                    @media (max-width: 768px) {\n                        .gws-heading.gws-heading-69f348a53c108 .gws-heading-subtitle p {\n                            line-height: 18px;\n                            font-size: 15px;\n                        }\n                    }\n                                .gws-heading-inner-wrapper.border-radius-top {\n                    border-radius: 15px 15px 0 0;\n                    padding: 20px 40px;\n                }\n                .gws-heading-inner-wrapper.border-radius-right {\n                    border-radius: 0 15px 15px 0;\n                    padding: 20px 40px;\n                }\n                .gws-heading-inner-wrapper.border-radius-bottom {\n                    border-radius: 0 0 15px 15px;\n                    padding: 20px 40px;\n                }\n                .gws-heading-inner-wrapper.border-radius-left {\n                    border-radius: 15px 0 0 15px;\n                    padding: 20px 40px;\n                }\n                .gws-heading-inner-wrapper.border-top-bottom {\n                    border-bottom: 1px solid transparent;\n                    border-top: 1px solid transparent;\n                    padding: 10px 0 15px;\n                }\n                                                    .gws-heading-69f348a53c108 .gws-heading-inner-wrapper.border-top-bottom {\n                        border-bottom: 1px solid #000000;\n                        border-top: 1px solid #000000;\n                        padding: 10px 0 15px;\n                    }\n                    .gws-heading-69f348a53c108 .gws-heading-inner-wrapper.border-bottom {\n                        border-bottom: 1px solid #000000;\n                        padding: 10px 0 15px;\n                    }\n                                                    .gws-heading-69f348a53c108 .gws-heading-inner-wrapper.add-line .gws-heading-title:after {\n                        background: #000000;\n                    }\n                            <\/style>\n        <\/div>        \n    \n        \n        <div class=\"gws-space-wrapper \">\n            <div class=\"gws-space space15 space-mobile space-tablet40\"><\/div>\n            <style>\n                                    .gws-space-wrapper .gws-space.space15 {\n                        height: 15px;\n                    }\n                                @media screen and (min-width: 320px) and (max-width: 767px) {\n                                    }\n                @media screen and (min-width: 768px) and (max-width: 1024px) {\n                                            .wpb_wrapper .gws-space-wrapper .gws-space.space15.space-tablet40 {\n                            height: 40px;\n                        }\n                                    }\n            <\/style>\n        <\/div>        \n    \n                <div class=\"text-content-wrapper gws-text-69f348a53c16a   text-#FFFFFF weight700 font30px \">\n            <div class=\"text-content-inner  \">\n                                                <p>Merci pour votre demande. <br \/>Notre \u00e9quipe a bien re\u00e7u vos informations et vous r\u00e9pondra dans les plus brefs d\u00e9lais.<\/p>\n            <\/div>\n            <style>\n                .text-content-wrapper.gws-text-69f348a53c16a. {\n                    text-align: ;\n                }\n                                    .text-content-wrapper.gws-text-69f348a53c16a.text-\\#FFFFFF p,\n                    .text-content-wrapper.gws-text-69f348a53c16a.text-\\#FFFFFF li,\n                    .text-content-wrapper.gws-text-69f348a53c16a.text-\\#FFFFFF a {\n                        color: #FFFFFF;\n                    }\n                    .text-content-wrapper.gws-text-69f348a53c16a.text-\\#FFFFFF ul li:before {\n                        background: #FFFFFF;\n                    }\n                    .text-content-wrapper.gws-text-69f348a53c16a.text-\\#FFFFFF .text-block-icon svg path {\n                        fill: #FFFFFF;\n                    }\n                                                    .text-content-wrapper.gws-text-69f348a53c16a.font30px * {\n                        font-size: 30px;\n                        line-height: calc(30px + 4px);\n                    }\n                    @media (max-width: 1024px) {\n                        .text-content-wrapper.gws-text-69f348a53c16a.font30px * {\n                            font-size: 27px;\n                            line-height: calc(27px + 4px);\n                        }\n                    }\n                    @media (max-width: 768px) {\n                        .text-content-wrapper.gws-text-69f348a53c16a.font30px * {\n                            font-size: 27px;\n                            line-height: calc(27px + 4px);\n                        }\n                    }\n                                                    .text-content-wrapper.gws-text-69f348a53c16a.weight700 * {\n                        font-weight:700;\n                    }\n                                .text-content-inner.border-radius-top {\n                    border-radius: 15px 15px 0 0;\n                    padding: 30px;\n                }\n                .text-content-inner.border-radius-right {\n                    border-radius: 0 15px 15px 0;\n                    padding: 30px;\n                }\n                .text-content-inner.border-radius-bottom {\n                    border-radius: 0 0 15px 15px;\n                    padding: 30px;\n                }\n                .text-content-inner.border-radius-left {\n                    border-radius: 15px 0 0 15px;\n                    padding: 30px;\n                }\n                .text-content-inner.border-radius-all {\n                    border-radius: 15px;\n                    padding: 20px 43px;\n                }\n                                                                    .text-content-wrapper.gws-text-69f348a53c16a .text-block-title {\n                        line-height: 20px;\n                        font-size: 16px;\n                    }\n                    @media (max-width: 768px) {\n                        .text-content-wrapper.gws-text-69f348a53c16a .text-block-title {\n                            line-height: 18px;\n                            font-size: 15px;\n                        }\n                    }\n                                                    .text-content-wrapper.gws-text-69f348a53c16a .text-block-title {\n                        font-weight: 700;\n                    }\n                            <\/style>\n        <\/div>\n\n        \n        <div class=\"gws-space-wrapper \">\n            <div class=\"gws-space space25 space-mobile space-tablet75\"><\/div>\n            <style>\n                                    .gws-space-wrapper .gws-space.space25 {\n                        height: 25px;\n                    }\n                                @media screen and (min-width: 320px) and (max-width: 767px) {\n                                    }\n                @media screen and (min-width: 768px) and (max-width: 1024px) {\n                                            .wpb_wrapper .gws-space-wrapper .gws-space.space25.space-tablet75 {\n                            height: 75px;\n                        }\n                                    }\n            <\/style>\n        <\/div>        \n    \n        \n        <div class=\"gws-button-wrapper  \">\n            <div class=\"gws-button   bg#FFFFFF bg-text#00B4D5\">\n                <a href=\"https:\/\/odysseomauritius.com\/\"  style=\"border-radius: 100px;\" class=\"uppercase\">\n                                        Retour \u00e0 l\u2019accueil                                                        <\/a>\n            <\/div>\n            <style>\n                                    .gws-button {\n                        justify-content: flex-start;\n                    }\n                                                                                                        .gws-button.bg\\#FFFFFF.bg-text\\#00B4D5 a {\n                                border: 1px solid #FFFFFF;\n                                background: #FFFFFF;\n                                color: #00B4D5;\n                            }\n                            .gws-button.bg\\#FFFFFF.bg-text\\#00B4D5 a i {\n                                color: #00B4D5;\n                            }\n                            .gws-button.bg\\#FFFFFF.bg-text\\#00B4D5 a .icon svg path {\n                                fill: #00B4D5;\n                            }\n                                                            .gws-button.bg\\#FFFFFF.bg-text\\#00B4D5 a:hover {\n                                    border: 1px solid #FFFFFF;\n                                    background: transparent;\n                                    color: #FFFFFF;\n                                }\n                                .gws-button.bg\\#FFFFFF.bg-text\\#00B4D5 a:hover i {\n                                    color: #FFFFFF;\n                                }\n                                .gws-button.bg\\#FFFFFF.bg-text\\#00B4D5 a:hover .icon svg path {\n                                    fill: #FFFFFF;\n                                }\n                                                                                                                            .gws-button.add-chevron.bg-text\\#00B4D5 a i {\n                        color: #00B4D5;\n                    }\n                                                    .gws-button.add-icon.bg-text\\#00B4D5 a .icon svg path {\n                        fill: #00B4D5;\n                    }\n                            <\/style>\n        <\/div>\n\n                    <\/div>\n            <style>\n                .container-col {\n                    flex-wrap: wrap;\n                    display: flex;\n                }\n                .container-col.thank-you-text .col,\n                .container-col.thank-you-text > div {\n                    width: calc(100% \/ 1);\n                    float: left;\n                }\n            <\/style>\n        <\/div>\n    \n        [\/vc_column_inner][\/vc_row_inner][\/vc_column][\/vc_row]<\/p>\n<\/div>","protected":false},"excerpt":{"rendered":"<p>[vc_row el_class=\u00a0\u00bbthank-you-banner-row\u00a0\u00bb][vc_column][vc_row_inner el_class=\u00a0\u00bbthank-you-banner-inner-row\u00a0\u00bb][vc_column_inner][\/vc_column_inner][\/vc_row_inner][\/vc_column][\/vc_row]<\/p>\n","protected":false},"author":3,"featured_media":0,"parent":0,"menu_order":0,"comment_status":"closed","ping_status":"closed","template":"","meta":{"_acf_changed":false,"footnotes":""},"class_list":["post-1359","page","type-page","status-publish","hentry"],"acf":[],"_links":{"self":[{"href":"https:\/\/odysseomauritius.com\/fr\/wp-json\/wp\/v2\/pages\/1359","targetHints":{"allow":["GET"]}}],"collection":[{"href":"https:\/\/odysseomauritius.com\/fr\/wp-json\/wp\/v2\/pages"}],"about":[{"href":"https:\/\/odysseomauritius.com\/fr\/wp-json\/wp\/v2\/types\/page"}],"author":[{"embeddable":true,"href":"https:\/\/odysseomauritius.com\/fr\/wp-json\/wp\/v2\/users\/3"}],"replies":[{"embeddable":true,"href":"https:\/\/odysseomauritius.com\/fr\/wp-json\/wp\/v2\/comments?post=1359"}],"version-history":[{"count":2,"href":"https:\/\/odysseomauritius.com\/fr\/wp-json\/wp\/v2\/pages\/1359\/revisions"}],"predecessor-version":[{"id":1362,"href":"https:\/\/odysseomauritius.com\/fr\/wp-json\/wp\/v2\/pages\/1359\/revisions\/1362"}],"wp:attachment":[{"href":"https:\/\/odysseomauritius.com\/fr\/wp-json\/wp\/v2\/media?parent=1359"}],"curies":[{"name":"wp","href":"https:\/\/api.w.org\/{rel}","templated":true}]}}